{"id":2,"date":"2026-02-20T11:40:44","date_gmt":"2026-02-20T11:40:44","guid":{"rendered":"https:\/\/linesieg.dk\/wordpress\/?page_id=2"},"modified":"2026-02-23T14:03:44","modified_gmt":"2026-02-23T14:03:44","slug":"sample-page","status":"publish","type":"page","link":"https:\/\/linesieg.dk\/?page_id=2","title":{"rendered":"Var der nogen der sagde planter?"},"content":{"rendered":"\n<p>Her regner jeg med at smide noget indhold om min altanhave op.<\/p>\n\n\n\n<blockquote class=\"wp-block-quote is-layout-flow wp-block-quote-is-layout-flow\">\n<p>Lad de sm\u00e5 bier komme til mig (og min altan)!<\/p>\n<\/blockquote>\n\n\n\n<div class=\"wp-block-media-text is-stacked-on-mobile\"><figure class=\"wp-block-media-text__media\"><img loading=\"lazy\" decoding=\"async\" width=\"1024\" height=\"577\" src=\"https:\/\/linesieg.dk\/wp-content\/uploads\/2026\/02\/20260215_184248-1024x577.jpg\" alt=\"Placeholder billede af min aftensmad: gardener's pie. Har intet med indholdet af siden her at g\u00f8re.\" class=\"wp-image-74 size-full\" srcset=\"https:\/\/linesieg.dk\/wp-content\/uploads\/2026\/02\/20260215_184248-1024x577.jpg 1024w, https:\/\/linesieg.dk\/wp-content\/uploads\/2026\/02\/20260215_184248-300x169.jpg 300w, https:\/\/linesieg.dk\/wp-content\/uploads\/2026\/02\/20260215_184248-768x432.jpg 768w, https:\/\/linesieg.dk\/wp-content\/uploads\/2026\/02\/20260215_184248-1536x865.jpg 1536w, https:\/\/linesieg.dk\/wp-content\/uploads\/2026\/02\/20260215_184248-2048x1153.jpg 2048w\" sizes=\"auto, (max-width: 1024px) 100vw, 1024px\" \/><\/figure><div class=\"wp-block-media-text__content\">\n<p>Dv\u00e6rg \u00e6rteblomster, anyone?<br><br>Rigtigt billede kommer senere <\/p>\n<\/div><\/div>\n\n\n\n<p><\/p>\n","protected":false},"excerpt":{"rendered":"<p>Her regner jeg med at smide noget indhold om min altanhave op. Lad de sm\u00e5 bier komme til mig (og min altan)! Dv\u00e6rg \u00e6rteblomster, anyone? Rigtigt billede kommer senere<\/p>\n","protected":false},"author":1,"featured_media":0,"parent":17,"menu_order":0,"comment_status":"closed","ping_status":"closed","template":"","meta":{"footnotes":""},"class_list":["post-2","page","type-page","status-publish","hentry"],"_links":{"self":[{"href":"https:\/\/linesieg.dk\/index.php?rest_route=\/wp\/v2\/pages\/2","targetHints":{"allow":["GET"]}}],"collection":[{"href":"https:\/\/linesieg.dk\/index.php?rest_route=\/wp\/v2\/pages"}],"about":[{"href":"https:\/\/linesieg.dk\/index.php?rest_route=\/wp\/v2\/types\/page"}],"author":[{"embeddable":true,"href":"https:\/\/linesieg.dk\/index.php?rest_route=\/wp\/v2\/users\/1"}],"replies":[{"embeddable":true,"href":"https:\/\/linesieg.dk\/index.php?rest_route=%2Fwp%2Fv2%2Fcomments&post=2"}],"version-history":[{"count":2,"href":"https:\/\/linesieg.dk\/index.php?rest_route=\/wp\/v2\/pages\/2\/revisions"}],"predecessor-version":[{"id":91,"href":"https:\/\/linesieg.dk\/index.php?rest_route=\/wp\/v2\/pages\/2\/revisions\/91"}],"up":[{"embeddable":true,"href":"https:\/\/linesieg.dk\/index.php?rest_route=\/wp\/v2\/pages\/17"}],"wp:attachment":[{"href":"https:\/\/linesieg.dk\/index.php?rest_route=%2Fwp%2Fv2%2Fmedia&parent=2"}],"curies":[{"name":"wp","href":"https:\/\/api.w.org\/{rel}","templated":true}]}}